{"id":2173,"date":"2019-02-08T09:02:37","date_gmt":"2019-02-08T08:02:37","guid":{"rendered":"https:\/\/labellevue.se\/reserver-un-week-end\/"},"modified":"2024-09-20T13:02:11","modified_gmt":"2024-09-20T11:02:11","slug":"reserver-un-week-end","status":"publish","type":"page","link":"https:\/\/labellevue.se\/fr\/reserver-un-week-end\/","title":{"rendered":"R\u00e9server un week-end"},"content":{"rendered":"<p>[et_pb_section fb_built=\u00a0\u00bb1&Prime; admin_label=\u00a0\u00bbsection\u00a0\u00bb _builder_version=\u00a0\u00bb4.16&Prime; global_colors_info=\u00a0\u00bb{}\u00a0\u00bb][et_pb_row admin_label=\u00a0\u00bbrow\u00a0\u00bb _builder_version=\u00a0\u00bb4.16&Prime; background_size=\u00a0\u00bbinitial\u00a0\u00bb background_position=\u00a0\u00bbtop_left\u00a0\u00bb background_repeat=\u00a0\u00bbrepeat\u00a0\u00bb global_colors_info=\u00a0\u00bb{}\u00a0\u00bb][et_pb_column type=\u00a0\u00bb4_4&Prime; _builder_version=\u00a0\u00bb4.16&Prime; custom_padding=\u00a0\u00bb|||\u00a0\u00bb global_colors_info=\u00a0\u00bb{}\u00a0\u00bb custom_padding__hover=\u00a0\u00bb|||\u00a0\u00bb][et_pb_text admin_label=\u00a0\u00bbText\u00a0\u00bb _builder_version=\u00a0\u00bb4.16&Prime; global_colors_info=\u00a0\u00bb{}\u00a0\u00bb]<\/p>\n<h1>R\u00c9SERVER UN VOYAGE D&rsquo;UN WEEK-END<\/h1>\n<p>Remplissez tous les champs ci-dessous et v\u00e9rifiez que vos informations sont correctes. Nous vous contacterons dans les plus brefs d\u00e9lais.<\/p>\n<\/p>\n<p>[\/et_pb_text][dvppl_cf7_styler cf7=\u00a0\u00bb279&Prime; cr_custom_styles=\u00a0\u00bboff\u00a0\u00bb _builder_version=\u00a0\u00bb4.16&Prime; global_colors_info=\u00a0\u00bb{}\u00a0\u00bb][\/dvppl_cf7_styler][\/et_pb_column][\/et_pb_row][\/et_pb_section]<\/p>\n","protected":false},"excerpt":{"rendered":"<p>R\u00c9SERVER UN VOYAGE D&rsquo;UN WEEK-END Remplissez tous les champs ci-dessous et v\u00e9rifiez que vos informations sont correctes. Nous vous contacterons dans les plus brefs d\u00e9lais. <div class=\"et_pb_module dvppl_cf7_styler dvppl_cf7_styler_0\">\n\t\t\t\t\n\t\t\t\t\n\t\t\t\t\n\t\t\t\t\n\t\t\t\t\n\t\t\t\t\n\t\t\t\t<div class=\"et_pb_module_inner\">\n\t\t\t\t\t<div class=\"dipe-cf7-container dipe-cf7-button-left\">\n\t\t\t\t\n\t\t\t\t<div class=\"dipe-cf7 dipe-cf7-styler \">\n\t\t\t\t\t\n<div class=\"wpcf7 no-js\" id=\"wpcf7-f2231-o1\" lang=\"fr-FR\" dir=\"ltr\" data-wpcf7-id=\"2231\">\n<div class=\"screen-reader-response\"><p role=\"status\" aria-live=\"polite\" aria-atomic=\"true\"><\/p> <ul><\/ul><\/div>\n<form action=\"\/fr\/wp-json\/wp\/v2\/pages\/2173#wpcf7-f2231-o1\" method=\"post\" class=\"wpcf7-form init\" aria-label=\"Formulaire de contact\" novalidate=\"novalidate\" data-status=\"init\">\n<fieldset class=\"hidden-fields-container\"><input type=\"hidden\" name=\"_wpcf7\" value=\"2231\" \/><input type=\"hidden\" name=\"_wpcf7_version\" value=\"6.1.5\" \/><input type=\"hidden\" name=\"_wpcf7_locale\" value=\"fr_FR\" \/><input type=\"hidden\" name=\"_wpcf7_unit_tag\" value=\"wpcf7-f2231-o1\" \/><input type=\"hidden\" name=\"_wpcf7_container_post\" value=\"0\" \/><input type=\"hidden\" name=\"_wpcf7_posted_data_hash\" value=\"\" \/>\n<\/fieldset>\n<span class=\"wpcf7-form-control-wrap\" data-name=\"namn\"><input size=\"40\" maxlength=\"400\" class=\"wpcf7-form-control wpcf7-text wpcf7-validates-as-required\" aria-required=\"true\" aria-invalid=\"false\" placeholder=\"Namn och efternamn\" value=\"\" type=\"text\" name=\"namn\" \/><\/span>\n\n<span class=\"wpcf7-form-control-wrap\" data-name=\"email-17\"><input size=\"40\" maxlength=\"400\" class=\"wpcf7-form-control wpcf7-email wpcf7-validates-as-required wpcf7-text wpcf7-validates-as-email\" aria-required=\"true\" aria-invalid=\"false\" placeholder=\"E-postadress\" value=\"\" type=\"email\" name=\"email-17\" \/><\/span>\n\n<span class=\"wpcf7-form-control-wrap\" data-name=\"telefon\"><input size=\"40\" maxlength=\"400\" class=\"wpcf7-form-control wpcf7-tel wpcf7-validates-as-required wpcf7-text wpcf7-validates-as-tel\" aria-required=\"true\" aria-invalid=\"false\" placeholder=\"Num\u00e9ro de t\u00e9l\u00e9phone\" value=\"\" type=\"tel\" name=\"telefon\" \/><\/span>\n\n<small>Date d'arriv\u00e9e<\/small>\n<span class=\"wpcf7-form-control-wrap\" data-name=\"ankomstdate\"><input class=\"wpcf7-form-control wpcf7-date wpcf7-validates-as-required wpcf7-validates-as-date\" aria-required=\"true\" aria-invalid=\"false\" placeholder=\"Date d&#039;arriv\u00e9e\" value=\"\" type=\"date\" name=\"ankomstdate\" \/><\/span>\n\n<span class=\"wpcf7-form-control-wrap\" data-name=\"antalnatter\"><input class=\"wpcf7-form-control wpcf7-number wpcf7-validates-as-required wpcf7-validates-as-number\" min=\"3\" max=\"100\" aria-required=\"true\" aria-invalid=\"false\" placeholder=\"Nombre de nuits\" value=\"\" type=\"number\" name=\"antalnatter\" \/><\/span>\n\n<small>S\u00e9lectionnez le voyage qui vous int\u00e9resse<\/small>\n<span class=\"wpcf7-form-control-wrap\" data-name=\"valdpaketresa\"><select class=\"wpcf7-form-control wpcf7-select wpcf7-validates-as-required\" aria-required=\"true\" aria-invalid=\"false\" name=\"valdpaketresa\"><option value=\"\">&#8212;Veuillez choisir une option&#8212;<\/option><option value=\"Vinweekend i languedoc\">Vinweekend i languedoc<\/option><option value=\"Kom i form - Livets goda\">Kom i form - Livets goda<\/option><option value=\"Golfdagar vid Medelhavet\">Golfdagar vid Medelhavet<\/option><option value=\"Sydfransk livsgl\u00e4dje + yoga\">Sydfransk livsgl\u00e4dje + yoga<\/option><option value=\"Konferens\">Konferens<\/option><option value=\"V\u00e4nweekend\">V\u00e4nweekend<\/option><option value=\"Skapa ditt egna vin\">Skapa ditt egna vin<\/option><\/select><\/span>\n\n<span class=\"wpcf7-form-control-wrap\" data-name=\"meddelande\"><textarea cols=\"40\" rows=\"10\" maxlength=\"2000\" class=\"wpcf7-form-control wpcf7-textarea\" aria-invalid=\"false\" placeholder=\"Ecrivez-nous un message...\" name=\"meddelande\"><\/textarea><\/span>\n\n<span class=\"wpcf7-form-control-wrap\" data-name=\"acceptance-734\"><span class=\"wpcf7-form-control wpcf7-acceptance\"><span class=\"wpcf7-list-item\"><input type=\"checkbox\" name=\"acceptance-734\" value=\"1\" aria-invalid=\"false\" \/><\/span><\/span><\/span> <span class=\"accept\">J'ai lu et j'accepte les <a href=\"https:\/\/labellevue.se\/wp-content\/uploads\/2021\/05\/LaBelleVue_bokningsregler_2021.pdf\" target=\"_blank\">r\u00e8gles de r\u00e9servation<\/a> et que La Belle Vue me contacte.<\/span> \n\n<!-- Mailchimp for WordPress v4.12.1 - https:\/\/www.mc4wp.com\/ --><input type=\"hidden\" name=\"_mc4wp_subscribe_contact-form-7\" value=\"0\" \/><span class=\"mc4wp-checkbox mc4wp-checkbox-contact-form-7 \"><label><input type=\"checkbox\" name=\"_mc4wp_subscribe_contact-form-7\" value=\"1\" ><span>Anm\u00e4l mig till nyhetsbrevet!<\/span><\/label><\/span><!-- \/ Mailchimp for WordPress -->\n\n<input class=\"wpcf7-form-control wpcf7-submit has-spinner knapp1\" type=\"submit\" value=\"Skicka in bokningsf\u00f6rfr\u00e5gan\" \/><div class=\"wpcf7-response-output\" aria-hidden=\"true\"><\/div>\n<\/form>\n<\/div>\n\n\t\t\t\t<\/div>\n\t\t\t<\/div>\n\t\t\t\t<\/div>\n\t\t\t<\/div><\/p>\n","protected":false},"author":2,"featured_media":0,"parent":0,"menu_order":0,"comment_status":"closed","ping_status":"closed","template":"","meta":{"_et_pb_use_builder":"on","_et_pb_old_content":"","_et_gb_content_width":"","footnotes":""},"class_list":["post-2173","page","type-page","status-publish","hentry"],"_links":{"self":[{"href":"https:\/\/labellevue.se\/fr\/wp-json\/wp\/v2\/pages\/2173","targetHints":{"allow":["GET"]}}],"collection":[{"href":"https:\/\/labellevue.se\/fr\/wp-json\/wp\/v2\/pages"}],"about":[{"href":"https:\/\/labellevue.se\/fr\/wp-json\/wp\/v2\/types\/page"}],"author":[{"embeddable":true,"href":"https:\/\/labellevue.se\/fr\/wp-json\/wp\/v2\/users\/2"}],"replies":[{"embeddable":true,"href":"https:\/\/labellevue.se\/fr\/wp-json\/wp\/v2\/comments?post=2173"}],"version-history":[{"count":3,"href":"https:\/\/labellevue.se\/fr\/wp-json\/wp\/v2\/pages\/2173\/revisions"}],"predecessor-version":[{"id":2502,"href":"https:\/\/labellevue.se\/fr\/wp-json\/wp\/v2\/pages\/2173\/revisions\/2502"}],"wp:attachment":[{"href":"https:\/\/labellevue.se\/fr\/wp-json\/wp\/v2\/media?parent=2173"}],"curies":[{"name":"wp","href":"https:\/\/api.w.org\/{rel}","templated":true}]}}