{"id":2165,"date":"2019-02-06T14:06:31","date_gmt":"2019-02-06T13:06:31","guid":{"rendered":"https:\/\/labellevue.se\/a-propos-de-nous\/"},"modified":"2024-09-20T13:10:39","modified_gmt":"2024-09-20T11:10:39","slug":"a-propos-de-nous","status":"publish","type":"page","link":"https:\/\/labellevue.se\/fr\/a-propos-de-nous\/","title":{"rendered":"A propos de nous"},"content":{"rendered":"<p>[et_pb_section fb_built=\u00a0\u00bb1&Prime; admin_label=\u00a0\u00bbsection\u00a0\u00bb _builder_version=\u00a0\u00bb4.20.2&Prime; background_image=\u00a0\u00bbhttps:\/\/labellevue.se\/wp-content\/uploads\/2023\/03\/lbv_header_omoss.jpg\u00a0\u00bb locked=\u00a0\u00bboff\u00a0\u00bb global_colors_info=\u00a0\u00bb{}\u00a0\u00bb][et_pb_row admin_label=\u00a0\u00bbIntroduction\u00a0\u00bb _builder_version=\u00a0\u00bb4.17.3&Prime; background_enable_image=\u00a0\u00bboff\u00a0\u00bb background_size=\u00a0\u00bbinitial\u00a0\u00bb background_position=\u00a0\u00bbtop_left\u00a0\u00bb background_repeat=\u00a0\u00bbrepeat\u00a0\u00bb global_colors_info=\u00a0\u00bb{}\u00a0\u00bb][et_pb_column type=\u00a0\u00bb4_4&Prime; _builder_version=\u00a0\u00bb4.16&Prime; custom_padding=\u00a0\u00bb|||\u00a0\u00bb global_colors_info=\u00a0\u00bb{}\u00a0\u00bb custom_padding__hover=\u00a0\u00bb|||\u00a0\u00bb][et_pb_text admin_label=\u00a0\u00bbText\u00a0\u00bb _builder_version=\u00a0\u00bb4.20.2&Prime; _module_preset=\u00a0\u00bb0817f437-23b4-4a57-9c94-46e2a08c98e7&Prime; global_colors_info=\u00a0\u00bb{}\u00a0\u00bb]<\/p>\n<h1>Nous vous souhaitons la bienvenue !<\/h1>\n<p>APR\u00c8S DE NOMBREUSES ann\u00e9es de recherche de maisons (oui, nous avons probablement visit\u00e9 plus de 60 maisons), nous sommes litt\u00e9ralement tomb\u00e9s sur ce petit bijou. La maison a \u00e9t\u00e9 construite en 1857 et a conserv\u00e9 tous ses beaux d\u00e9tails, les fen\u00eatres anciennes souffl\u00e9es \u00e0 la bouche, le stuc, les hautes portes, les chemin\u00e9es, les carreaux faits \u00e0 la main aux motifs fantastiques et surtout la vue. La vue sur les vignobles et la campagne s&rsquo;\u00e9tend sur un kilom\u00e8tre et, par temps clair, on peut voir jusqu&rsquo;aux Pyr\u00e9n\u00e9es. La maison a \u00e9t\u00e9 construite par la fratrie Beaulac, l&rsquo;un des plus riches viticulteurs de la r\u00e9gion. Aujourd&rsquo;hui, nous avons converti l&rsquo;ancienne cave en un studio qui nous sert \u00e0 la fois de r\u00e9sidence priv\u00e9e et de studio de yoga ou de salle de f\u00eate lorsque nous en avons besoin.<\/p>\n<p>[\/et_pb_text][\/et_pb_column][\/et_pb_row][\/et_pb_section][et_pb_section fb_built=\u00a0\u00bb1&Prime; admin_label=\u00a0\u00bbsection\u00a0\u00bb _builder_version=\u00a0\u00bb4.16&Prime; custom_padding=\u00a0\u00bb||75px||false|false\u00a0\u00bb global_colors_info=\u00a0\u00bb{}\u00a0\u00bb][et_pb_row column_structure=\u00a0\u00bb1_2,1_2&Prime; admin_label=\u00a0\u00bbrow\u00a0\u00bb _builder_version=\u00a0\u00bb4.20.2&Prime; background_size=\u00a0\u00bbinitial\u00a0\u00bb background_position=\u00a0\u00bbtop_left\u00a0\u00bb background_repeat=\u00a0\u00bbrepeat\u00a0\u00bb custom_margin=\u00a0\u00bb||||false|false\u00a0\u00bb custom_padding=\u00a0\u00bb||0px|||\u00a0\u00bb custom_padding_phone=\u00a0\u00bb20px||||false|false\u00a0\u00bb global_colors_info=\u00a0\u00bb{}\u00a0\u00bb][et_pb_column type=\u00a0\u00bb1_2&Prime; _builder_version=\u00a0\u00bb4.16&Prime; custom_padding=\u00a0\u00bb|||\u00a0\u00bb global_colors_info=\u00a0\u00bb{}\u00a0\u00bb custom_padding__hover=\u00a0\u00bb|||\u00a0\u00bb][et_pb_text admin_label=\u00a0\u00bbText\u00a0\u00bb _builder_version=\u00a0\u00bb4.20.2&Prime; global_colors_info=\u00a0\u00bb{}\u00a0\u00bb]<\/p>\n<h2>Faites comme chez vous<\/h2>\n<p>Nous avons soigneusement r\u00e9nov\u00e9 la maison et cr\u00e9\u00e9 une maison d&rsquo;h\u00f4tes o\u00f9 vous pourrez vous d\u00e9faire de vos chaussures, physiquement et mentalement. Une maison o\u00f9 votre esprit et votre corps sont en paix. Nous l&rsquo;avons remplie de beaux objets que nous avons soigneusement s\u00e9lectionn\u00e9s et restaur\u00e9s. Des choses que nous avons ramass\u00e9es sur les march\u00e9s, dans les magasins d&rsquo;antiquit\u00e9s locaux et aupr\u00e8s de gentilles vieilles dames fran\u00e7aises que nous avons appris \u00e0 conna\u00eetre.<\/p>\n<p>Nous voulons que vous vous sentiez comme chez vous chez nous et que vous profitiez de la campagne fran\u00e7aise &#8211; pour de vrai.<\/p>\n<p><strong>Nous vous invitons chaleureusement \u00e0 nous rejoindre !<br \/><\/strong>Micke et Yvonne<\/p>\n<\/p>\n<p>[\/et_pb_text][\/et_pb_column][et_pb_column type=\u00a0\u00bb1_2&Prime; _builder_version=\u00a0\u00bb4.16&Prime; custom_padding=\u00a0\u00bb|||\u00a0\u00bb global_colors_info=\u00a0\u00bb{}\u00a0\u00bb custom_padding__hover=\u00a0\u00bb|||\u00a0\u00bb][et_pb_image src=\u00a0\u00bbhttps:\/\/labellevue.se\/wp-content\/uploads\/2023\/03\/lbv_omoss.jpg\u00a0\u00bb alt=\u00a0\u00bbYvonne et Micke\u00a0\u00bb title_text=\u00a0\u00bblbv_omoss\u00a0\u00bb _builder_version=\u00a0\u00bb4.20.2&Prime; global_colors_info=\u00a0\u00bb{}\u00a0\u00bb][\/et_pb_image][\/et_pb_column][\/et_pb_row][\/et_pb_section]<\/p>\n","protected":false},"excerpt":{"rendered":"<p>Nous vous souhaitons la bienvenue ! APR\u00c8S DE NOMBREUSES ann\u00e9es de recherche de maisons (oui, nous avons probablement visit\u00e9 plus de 60 maisons), nous sommes litt\u00e9ralement tomb\u00e9s sur ce petit bijou. La maison a \u00e9t\u00e9 construite en 1857 et a conserv\u00e9 tous ses beaux d\u00e9tails, les fen\u00eatres anciennes souffl\u00e9es \u00e0 la bouche, le stuc, les [&hellip;]<\/p>\n","protected":false},"author":2,"featured_media":0,"parent":0,"menu_order":0,"comment_status":"closed","ping_status":"closed","template":"","meta":{"_et_pb_use_builder":"on","_et_pb_old_content":"","_et_gb_content_width":"","footnotes":""},"class_list":["post-2165","page","type-page","status-publish","hentry"],"_links":{"self":[{"href":"https:\/\/labellevue.se\/fr\/wp-json\/wp\/v2\/pages\/2165","targetHints":{"allow":["GET"]}}],"collection":[{"href":"https:\/\/labellevue.se\/fr\/wp-json\/wp\/v2\/pages"}],"about":[{"href":"https:\/\/labellevue.se\/fr\/wp-json\/wp\/v2\/types\/page"}],"author":[{"embeddable":true,"href":"https:\/\/labellevue.se\/fr\/wp-json\/wp\/v2\/users\/2"}],"replies":[{"embeddable":true,"href":"https:\/\/labellevue.se\/fr\/wp-json\/wp\/v2\/comments?post=2165"}],"version-history":[{"count":5,"href":"https:\/\/labellevue.se\/fr\/wp-json\/wp\/v2\/pages\/2165\/revisions"}],"predecessor-version":[{"id":2552,"href":"https:\/\/labellevue.se\/fr\/wp-json\/wp\/v2\/pages\/2165\/revisions\/2552"}],"wp:attachment":[{"href":"https:\/\/labellevue.se\/fr\/wp-json\/wp\/v2\/media?parent=2165"}],"curies":[{"name":"wp","href":"https:\/\/api.w.org\/{rel}","templated":true}]}}