{"id":2157,"date":"2019-02-06T14:45:20","date_gmt":"2019-02-06T13:45:20","guid":{"rendered":"https:\/\/labellevue.se\/dernieres-nouvelles\/"},"modified":"2024-09-20T13:00:34","modified_gmt":"2024-09-20T11:00:34","slug":"dernieres-nouvelles","status":"publish","type":"page","link":"https:\/\/labellevue.se\/fr\/dernieres-nouvelles\/","title":{"rendered":"Derni\u00e8res nouvelles"},"content":{"rendered":"<p>[et_pb_section fb_built=\u00a0\u00bb1&Prime; admin_label=\u00a0\u00bbsection\u00a0\u00bb _builder_version=\u00a0\u00bb4.17.4&Prime; background_image=\u00a0\u00bbhttps:\/\/labellevue.se\/wp-content\/uploads\/2022\/03\/Florence_image00005.jpg\u00a0\u00bb global_colors_info=\u00a0\u00bb{}\u00a0\u00bb][et_pb_row admin_label=\u00a0\u00bbIntroduction\u00a0\u00bb _builder_version=\u00a0\u00bb4.17.3&Prime; background_enable_image=\u00a0\u00bboff\u00a0\u00bb background_size=\u00a0\u00bbinitial\u00a0\u00bb background_position=\u00a0\u00bbtop_left\u00a0\u00bb background_repeat=\u00a0\u00bbrepeat\u00a0\u00bb global_colors_info=\u00a0\u00bb{}\u00a0\u00bb][et_pb_column type=\u00a0\u00bb4_4&Prime; _builder_version=\u00a0\u00bb4.16&Prime; custom_padding=\u00a0\u00bb|||\u00a0\u00bb global_colors_info=\u00a0\u00bb{}\u00a0\u00bb custom_padding__hover=\u00a0\u00bb|||\u00a0\u00bb][et_pb_text admin_label=\u00a0\u00bbText\u00a0\u00bb _builder_version=\u00a0\u00bb4.20.2&Prime; _module_preset=\u00a0\u00bb0817f437-23b4-4a57-9c94-46e2a08c98e7&Prime; global_colors_info=\u00a0\u00bb{}\u00a0\u00bb]<\/p>\n<h1>Derni\u00e8res nouvelles<\/h1>\n<p>La Belle Vue est en constante \u00e9volution et nous aimons inventer de nouvelles choses et am\u00e9liorer ce que nous faisons. C&rsquo;est la partie cr\u00e9ative qui nous a pouss\u00e9s \u00e0 lancer La Belle Vue. Nous sommes probablement de vrais entrepreneurs qui n&rsquo;aiment pas rester immobiles. Nous sommes constamment \u00e0 la recherche de nouveaux partenaires, qu&rsquo;il s&rsquo;agisse de producteurs de vins et de produits alimentaires locaux ou de nouveaux \u00e9v\u00e9nements passionnants organis\u00e9s ici. Nous vous invitons \u00e0 en lire certaines ici et d&rsquo;autres si vous nous suivez sur Instagram.<\/p>\n<p>[\/et_pb_text][\/et_pb_column][\/et_pb_row][\/et_pb_section][et_pb_section fb_built=\u00a0\u00bb1&Prime; custom_padding_last_edited=\u00a0\u00bboff|desktop\u00a0\u00bb admin_label=\u00a0\u00bbKonferens\u00a0\u00bb _builder_version=\u00a0\u00bb4.20.2&Prime; background_color=\u00a0\u00bbRGBA(255,255,255,0)\u00a0\u00bb global_colors_info=\u00a0\u00bb{}\u00a0\u00bb][et_pb_row use_custom_gutter=\u00a0\u00bbon\u00a0\u00bb gutter_width=\u00a0\u00bb2&Prime; make_equal=\u00a0\u00bbon\u00a0\u00bb custom_padding_last_edited=\u00a0\u00bboff|desktop\u00a0\u00bb _builder_version=\u00a0\u00bb4.20.2&Prime; background_enable_color=\u00a0\u00bboff\u00a0\u00bb global_colors_info=\u00a0\u00bb{}\u00a0\u00bb custom_padding__hover_enabled=\u00a0\u00bboff|desktop\u00a0\u00bb][et_pb_column type=\u00a0\u00bb4_4&Prime; _builder_version=\u00a0\u00bb4.20.2&Prime; background_enable_image=\u00a0\u00bboff\u00a0\u00bb global_colors_info=\u00a0\u00bb{}\u00a0\u00bb][et_pb_blog fullwidth=\u00a0\u00bboff\u00a0\u00bb show_more=\u00a0\u00bbon\u00a0\u00bb show_author=\u00a0\u00bboff\u00a0\u00bb show_date=\u00a0\u00bboff\u00a0\u00bb show_categories=\u00a0\u00bboff\u00a0\u00bb _builder_version=\u00a0\u00bb4.20.2&Prime; _module_preset=\u00a0\u00bbdefault\u00a0\u00bb read_more_font=\u00a0\u00bb|||on|||||\u00a0\u00bb read_more_text_color=\u00a0\u00bb#FFFFFF\u00a0\u00bb read_more_letter_spacing=\u00a0\u00bb1px\u00a0\u00bb custom_padding=\u00a0\u00bb||||false|false\u00a0\u00bb custom_css_title=\u00a0\u00bbpadding-bottom: 20px !important;\u00a0\u00bb custom_css_content=\u00a0\u00bbpadding-bottom: 10px !important;\u00a0\u00bb custom_css_read_more=\u00a0\u00bbbackground: rgba(64,50,39,1);||padding: 5px 20px;||border-radius: 20px;||\u00a0\u00bb global_colors_info=\u00a0\u00bb{}\u00a0\u00bb][\/et_pb_blog][\/et_pb_column][\/et_pb_row][\/et_pb_section]<\/p>\n","protected":false},"excerpt":{"rendered":"<p>Derni\u00e8res nouvelles La Belle Vue est en constante \u00e9volution et nous aimons inventer de nouvelles choses et am\u00e9liorer ce que nous faisons. C&rsquo;est la partie cr\u00e9ative qui nous a pouss\u00e9s \u00e0 lancer La Belle Vue. Nous sommes probablement de vrais entrepreneurs qui n&rsquo;aiment pas rester immobiles. Nous sommes constamment \u00e0 la recherche de nouveaux partenaires, [&hellip;]<\/p>\n","protected":false},"author":2,"featured_media":0,"parent":0,"menu_order":0,"comment_status":"closed","ping_status":"closed","template":"","meta":{"_et_pb_use_builder":"on","_et_pb_old_content":"","_et_gb_content_width":"","footnotes":""},"class_list":["post-2157","page","type-page","status-publish","hentry"],"_links":{"self":[{"href":"https:\/\/labellevue.se\/fr\/wp-json\/wp\/v2\/pages\/2157","targetHints":{"allow":["GET"]}}],"collection":[{"href":"https:\/\/labellevue.se\/fr\/wp-json\/wp\/v2\/pages"}],"about":[{"href":"https:\/\/labellevue.se\/fr\/wp-json\/wp\/v2\/types\/page"}],"author":[{"embeddable":true,"href":"https:\/\/labellevue.se\/fr\/wp-json\/wp\/v2\/users\/2"}],"replies":[{"embeddable":true,"href":"https:\/\/labellevue.se\/fr\/wp-json\/wp\/v2\/comments?post=2157"}],"version-history":[{"count":5,"href":"https:\/\/labellevue.se\/fr\/wp-json\/wp\/v2\/pages\/2157\/revisions"}],"predecessor-version":[{"id":2494,"href":"https:\/\/labellevue.se\/fr\/wp-json\/wp\/v2\/pages\/2157\/revisions\/2494"}],"wp:attachment":[{"href":"https:\/\/labellevue.se\/fr\/wp-json\/wp\/v2\/media?parent=2157"}],"curies":[{"name":"wp","href":"https:\/\/api.w.org\/{rel}","templated":true}]}}