{"id":2145,"date":"2019-02-06T14:18:10","date_gmt":"2019-02-06T13:18:10","guid":{"rendered":"https:\/\/labellevue.se\/comment-venir-a-la-belle-vue\/"},"modified":"2024-09-20T13:09:00","modified_gmt":"2024-09-20T11:09:00","slug":"comment-venir-a-la-belle-vue","status":"publish","type":"page","link":"https:\/\/labellevue.se\/fr\/comment-venir-a-la-belle-vue\/","title":{"rendered":"Comment venir \u00e0 La Belle Vue"},"content":{"rendered":"<p>[et_pb_section fb_built=\u00a0\u00bb1&Prime; admin_label=\u00a0\u00bbsection\u00a0\u00bb _builder_version=\u00a0\u00bb4.20.2&Prime; background_image=\u00a0\u00bbhttps:\/\/labellevue.se\/wp-content\/uploads\/2023\/03\/lbv_hitta_header.jpg\u00a0\u00bb locked=\u00a0\u00bboff\u00a0\u00bb global_colors_info=\u00a0\u00bb{}\u00a0\u00bb][et_pb_row admin_label=\u00a0\u00bbIntroduction\u00a0\u00bb _builder_version=\u00a0\u00bb4.17.3&Prime; background_enable_image=\u00a0\u00bboff\u00a0\u00bb background_size=\u00a0\u00bbinitial\u00a0\u00bb background_position=\u00a0\u00bbtop_left\u00a0\u00bb background_repeat=\u00a0\u00bbrepeat\u00a0\u00bb global_colors_info=\u00a0\u00bb{}\u00a0\u00bb][et_pb_column type=\u00a0\u00bb4_4&Prime; _builder_version=\u00a0\u00bb4.16&Prime; custom_padding=\u00a0\u00bb|||\u00a0\u00bb global_colors_info=\u00a0\u00bb{}\u00a0\u00bb custom_padding__hover=\u00a0\u00bb|||\u00a0\u00bb][et_pb_text admin_label=\u00a0\u00bbText\u00a0\u00bb _builder_version=\u00a0\u00bb4.20.2&Prime; _module_preset=\u00a0\u00bb0817f437-23b4-4a57-9c94-46e2a08c98e7&Prime; global_colors_info=\u00a0\u00bb{}\u00a0\u00bb]<\/p>\n<h1>Vous disposez de nombreuses routes et lignes a\u00e9riennes pour venir nous voir<\/h1>\n<p>Il y a de nombreux a\u00e9roports dans les environs. Les plus proches se trouvent \u00e0 B\u00e9ziers (\u00e0 30 min de chez nous) et \u00e0 Montpellier (\u00e0 45 min.) Il est \u00e9galement possible d\u2019atterrir \u00e0 Perpignan ou \u00e0 Carcassonne (\u00e0 1h30). Un peu plus loin, vous trouverez les a\u00e9roports de Barcelone (3h) et Marseille (2h30). Regardez les vols des compagnies Air France\/KLM, Ryan Air, Transavia, Vueling, Norwegian, Easy Jet, Brussels Air ainsi que SAS, qui peuvent proposer parfois de tr\u00e8s bons prix.<\/p>\n<p>L\u2019a\u00e9roport de B\u00e9ziers est le plus proche, avec des vols Ryan Air. Pour Montpellier, vous avez plusieurs options : nous prenons d\u2019habitude un vol Air France\/KLM, avec une escale \u00e0 Paris ou \u00e0 Amsterdam. N\u2019ayez pas peur, c\u2019est vraiment tr\u00e8s simple et tr\u00e8s rapide, car le transfert a lieu dans le m\u00eame terminal. Quand nous rentrons en Su\u00e8de, c\u2019est ce que nous faisons habituellement.<\/p>\n<p>Vous pouvez aussi prendre un vol pour Paris, puis un TGV direct jusqu\u2019\u00e0 B\u00e9ziers ou Montpellier, directement depuis l\u2019a\u00e9roport de Roissy CDG. Le trajet en train ne prend que 3h pour arriver pr\u00e8s de chez nous.<\/p>\n<p>[\/et_pb_text][\/et_pb_column][\/et_pb_row][\/et_pb_section][et_pb_section fb_built=\u00a0\u00bb1&Prime; admin_label=\u00a0\u00bbsection\u00a0\u00bb _builder_version=\u00a0\u00bb4.16&Prime; global_colors_info=\u00a0\u00bb{}\u00a0\u00bb][et_pb_row column_structure=\u00a0\u00bb1_2,1_2&Prime; admin_label=\u00a0\u00bbrow\u00a0\u00bb _builder_version=\u00a0\u00bb4.16&Prime; background_size=\u00a0\u00bbinitial\u00a0\u00bb background_position=\u00a0\u00bbtop_left\u00a0\u00bb background_repeat=\u00a0\u00bbrepeat\u00a0\u00bb custom_padding=\u00a0\u00bb0px||||false|false\u00a0\u00bb global_colors_info=\u00a0\u00bb{}\u00a0\u00bb][et_pb_column type=\u00a0\u00bb1_2&Prime; _builder_version=\u00a0\u00bb4.16&Prime; custom_padding=\u00a0\u00bb|||\u00a0\u00bb global_colors_info=\u00a0\u00bb{}\u00a0\u00bb custom_padding__hover=\u00a0\u00bb|||\u00a0\u00bb][et_pb_text admin_label=\u00a0\u00bbText\u00a0\u00bb _builder_version=\u00a0\u00bb4.20.2&Prime; global_colors_info=\u00a0\u00bb{}\u00a0\u00bb]<\/p>\n<h3>Si vous prenez l&rsquo;avion \u00e0 Stockholm, voici \u00e0 quoi cela ressemblera en 2023<\/h3>\n<p>SAS et Norwegian desservent \u00e9galement Kastrup.<\/p>\n<p>R<strong>yan Air<\/strong> les lundis, mardis et samedis juin-septembre<\/p>\n<p>S<strong>AS<\/strong> les lundis, jeudis et samedis Juillet &#8211; mi-ao\u00fbt<\/p>\n<p>N<strong>orv\u00e9gien<\/strong> lundi, vendredi, dimanche et parfois jeudi.<br \/>\n<br \/>L&rsquo;aspect est un peu diff\u00e9rent et sera un changement \u00e0 Copenhague. Mars &#8211; Octobre <\/p>\n<h3>Voiture<\/h3>\n<p>Le moyen le plus simple et le moins cher de louer une voiture est de passer par le site web de la compagnie a\u00e9rienne ou de le faire en ligne. Hertz, Europcar, Avis ou Enterprise sont disponibles dans les a\u00e9roports et les gares, ils constituent tous une bonne option. Nous vous recommandons d&rsquo;avoir une voiture pour profiter au maximum de votre s\u00e9jour.<\/p>\n<p><strong>Si vous souhaitez venir en voiture depuis la Su\u00e8de, Yvonne peut vous indiquer la meilleure fa\u00e7on de proc\u00e9der. Elle a parcouru cet itin\u00e9raire 25( !) fois.<\/strong><\/p>\n<p>[\/et_pb_text][\/et_pb_column][et_pb_column type=\u00a0\u00bb1_2&Prime; _builder_version=\u00a0\u00bb4.16&Prime; custom_padding=\u00a0\u00bb|||\u00a0\u00bb global_colors_info=\u00a0\u00bb{}\u00a0\u00bb custom_padding__hover=\u00a0\u00bb|||\u00a0\u00bb][et_pb_image src=\u00a0\u00bbhttps:\/\/labellevue.se\/wp-content\/uploads\/2019\/02\/france.jpg\u00a0\u00bb show_in_lightbox=\u00a0\u00bbon\u00a0\u00bb _builder_version=\u00a0\u00bb4.16&Prime; global_colors_info=\u00a0\u00bb{}\u00a0\u00bb][\/et_pb_image][et_pb_video src=\u00a0\u00bbhttps:\/\/labellevue.se\/wp-content\/uploads\/2023\/03\/La-Belle-Vue_720.mp4&Prime; image_src=\u00a0\u00bbhttps:\/\/labellevue.se\/wp-content\/uploads\/2023\/03\/LBV.jpg\u00a0\u00bb _builder_version=\u00a0\u00bb4.20.2&Prime; _module_preset=\u00a0\u00bbdefault\u00a0\u00bb global_colors_info=\u00a0\u00bb{}\u00a0\u00bb][\/et_pb_video][\/et_pb_column][\/et_pb_row][\/et_pb_section]<\/p>\n","protected":false},"excerpt":{"rendered":"<p>Vous disposez de nombreuses routes et lignes a\u00e9riennes pour venir nous voir Il y a de nombreux a\u00e9roports dans les environs. Les plus proches se trouvent \u00e0 B\u00e9ziers (\u00e0 30 min de chez nous) et \u00e0 Montpellier (\u00e0 45 min.) Il est \u00e9galement possible d\u2019atterrir \u00e0 Perpignan ou \u00e0 Carcassonne (\u00e0 1h30). Un peu plus [&hellip;]<\/p>\n","protected":false},"author":2,"featured_media":0,"parent":0,"menu_order":0,"comment_status":"closed","ping_status":"closed","template":"","meta":{"_et_pb_use_builder":"on","_et_pb_old_content":"","_et_gb_content_width":"","footnotes":""},"class_list":["post-2145","page","type-page","status-publish","hentry"],"_links":{"self":[{"href":"https:\/\/labellevue.se\/fr\/wp-json\/wp\/v2\/pages\/2145","targetHints":{"allow":["GET"]}}],"collection":[{"href":"https:\/\/labellevue.se\/fr\/wp-json\/wp\/v2\/pages"}],"about":[{"href":"https:\/\/labellevue.se\/fr\/wp-json\/wp\/v2\/types\/page"}],"author":[{"embeddable":true,"href":"https:\/\/labellevue.se\/fr\/wp-json\/wp\/v2\/users\/2"}],"replies":[{"embeddable":true,"href":"https:\/\/labellevue.se\/fr\/wp-json\/wp\/v2\/comments?post=2145"}],"version-history":[{"count":3,"href":"https:\/\/labellevue.se\/fr\/wp-json\/wp\/v2\/pages\/2145\/revisions"}],"predecessor-version":[{"id":2540,"href":"https:\/\/labellevue.se\/fr\/wp-json\/wp\/v2\/pages\/2145\/revisions\/2540"}],"wp:attachment":[{"href":"https:\/\/labellevue.se\/fr\/wp-json\/wp\/v2\/media?parent=2145"}],"curies":[{"name":"wp","href":"https:\/\/api.w.org\/{rel}","templated":true}]}}