{"id":2109,"date":"2019-02-06T14:38:20","date_gmt":"2019-02-06T13:38:20","guid":{"rendered":"https:\/\/labellevue.se\/notre-village-de-neffies-et-ses-environs\/"},"modified":"2024-09-20T13:12:47","modified_gmt":"2024-09-20T11:12:47","slug":"notre-village-de-neffies-et-ses-environs","status":"publish","type":"page","link":"https:\/\/labellevue.se\/fr\/notre-village-de-neffies-et-ses-environs\/","title":{"rendered":"Notre village de Neffies et ses environs"},"content":{"rendered":"<p>[et_pb_section fb_built=\u00a0\u00bb1&Prime; admin_label=\u00a0\u00bbsection\u00a0\u00bb _builder_version=\u00a0\u00bb4.17.4&Prime; background_image=\u00a0\u00bbhttps:\/\/labellevue.se\/wp-content\/uploads\/2022\/04\/Neffies_02_web.jpg\u00a0\u00bb global_colors_info=\u00a0\u00bb{}\u00a0\u00bb][et_pb_row admin_label=\u00a0\u00bbIntroduction\u00a0\u00bb _builder_version=\u00a0\u00bb4.17.3&Prime; background_enable_image=\u00a0\u00bboff\u00a0\u00bb background_size=\u00a0\u00bbinitial\u00a0\u00bb background_position=\u00a0\u00bbtop_left\u00a0\u00bb background_repeat=\u00a0\u00bbrepeat\u00a0\u00bb global_colors_info=\u00a0\u00bb{}\u00a0\u00bb][et_pb_column type=\u00a0\u00bb4_4&Prime; _builder_version=\u00a0\u00bb4.16&Prime; custom_padding=\u00a0\u00bb|||\u00a0\u00bb global_colors_info=\u00a0\u00bb{}\u00a0\u00bb custom_padding__hover=\u00a0\u00bb|||\u00a0\u00bb][et_pb_text admin_label=\u00a0\u00bbText\u00a0\u00bb _builder_version=\u00a0\u00bb4.20.1&Prime; _module_preset=\u00a0\u00bb0817f437-23b4-4a57-9c94-46e2a08c98e7&Prime; global_colors_info=\u00a0\u00bb{}\u00a0\u00bb]<\/p>\n<h1>Neffi\u00e8s : un merveilleux petit village du sud de la France<\/h1>\n<p><strong>COMMENT POUVOUS-NOUS <\/strong> d\u00e9crire notre petit village fran\u00e7ais sans que cela paraisse trop romantique ou trop pittoresque, tout droit sorti du film Chocolat (le meilleur film au monde selon Yvonne) !<\/p>\n<p><strong>NEFFI\u00c8S<\/strong> est situ\u00e9 dans la belle r\u00e9gion du Languedoc, au sud de la France. En termes de surface cultiv\u00e9e, c\u2019est la plus vaste r\u00e9gion viticole au monde. Le village remonte au 12e si\u00e8cle et a toujours compt\u00e9 environ 1 000 habitants. Aujourd&rsquo;hui, nous sommes originaires de 20 pays diff\u00e9rents. Elle est connue pour \u00eatre ouverte, agr\u00e9able et tr\u00e8s conviviale. Tout le monde se salue dans la rue, jeunes et vieux, et le matin, chez le boulanger, on discute des grandes questions de la vie, de quelques banalit\u00e9s et de questions amicales pour savoir comment ils vont et si nos h\u00f4tes sont heureux au village.<\/p>\n<p>[\/et_pb_text][\/et_pb_column][\/et_pb_row][\/et_pb_section][et_pb_section fb_built=\u00a0\u00bb1&Prime; custom_padding_last_edited=\u00a0\u00bbon|phone\u00a0\u00bb _builder_version=\u00a0\u00bb4.20.2&Prime; _module_preset=\u00a0\u00bbdefault\u00a0\u00bb background_color=\u00a0\u00bbRGBA(255,255,255,0)\u00a0\u00bb custom_padding=\u00a0\u00bb||0px||false|false\u00a0\u00bb custom_padding_tablet=\u00a0\u00bb0px||||false|false\u00a0\u00bb custom_padding_phone=\u00a0\u00bb15px||||false|false\u00a0\u00bb global_colors_info=\u00a0\u00bb{}\u00a0\u00bb][et_pb_row column_structure=\u00a0\u00bb2_5,3_5&Prime; make_equal=\u00a0\u00bbon\u00a0\u00bb admin_label=\u00a0\u00bbFlorence\u00a0\u00bb _builder_version=\u00a0\u00bb4.20.2&Prime; custom_css_main_element=\u00a0\u00bb\t\u00a0\u00bb global_colors_info=\u00a0\u00bb{}\u00a0\u00bb][et_pb_column type=\u00a0\u00bb2_5&Prime; _builder_version=\u00a0\u00bb4.20.2&Prime; global_colors_info=\u00a0\u00bb{}\u00a0\u00bb][et_pb_text _builder_version=\u00a0\u00bb4.20.2&Prime; _module_preset=\u00a0\u00bbdefault\u00a0\u00bb custom_padding_tablet=\u00a0\u00bb30px||||false|false\u00a0\u00bb custom_padding_phone=\u00a0\u00bb30px||||false|false\u00a0\u00bb custom_padding_last_edited=\u00a0\u00bbon|phone\u00a0\u00bb global_colors_info=\u00a0\u00bb{}\u00a0\u00bb]<\/p>\n<h2>Restaurants<\/h2>\n<p>Dans notre petit village, nous avons la chance d\u2019avoir des restaurants d\u2019excellente r\u00e9putation :<\/p>\n<p><strong>L\u2019ESCAMPETTE:<\/strong> vivant, un peu rustique, sert de la nourriture fabuleuse, organise parfois des soir\u00e9es musicales. Nilda et Jos\u00e9 plaisantent souvent avec leurs clients, apportant une atmosph\u00e8re familiale et bon enfant. Xavier, le chef cuisinier, a beaucoup de talent. Le menu change d\u2019un jour \u00e0 l\u2019autre et il est tr\u00e8s difficile de faire un choix tant tous les plats propos\u00e9s sont d\u00e9licieux !<\/p>\n<p><strong>LE VERY TABLE<\/strong> est un restaurant familial d\u2019un standing l\u00e9g\u00e8rement inf\u00e9rieur, avec l\u2019ambition de plaire aux fins gourmets, ce qu\u2019il parvient \u00e0 faire haut la main. . Il est class\u00e9 parmi les 40 meilleurs restaurants du Languedoc. . L\u2019\u00e9tablissement propose un menu du jour et des plats \u00e0 la carte. Il est difficile de choisir un plat favori car l\u2019\u00e9tablissement change le plat du jour constamment, mais on peut dire que leurs plats \u00e0 base de poisson sont toujours fabuleux.<\/p>\n<p><strong>Le BAR \u00c0 VINS \u00ab NOMAD \u00bb <\/strong> est le petit dernier arriv\u00e9 au village. Notre bar \u00e0 vins sert des vins bio\/naturels de tr\u00e8s grande qualit\u00e9, ainsi qu\u2019une carte \u00e0 base d\u2019assiettes de tapas. La tendance est \u00e0 favoriser les plats v\u00e9g\u00e9tariens et vegan. De plus, ils ont un caf\u00e9 absolument divin. Katie, qui est la propri\u00e9taire du bar, vient d\u2019Australie. Elle vit \u00e0 Neffi\u00e8s avec sa famille depuis de nombreuses ann\u00e9es. Elle est tr\u00e8s charmante, adore nos h\u00f4tes et r\u00e9pond volontiers aux questions sur la vie au village ou en France.<\/p>\n<p>[\/et_pb_text][\/et_pb_column][et_pb_column type=\u00a0\u00bb3_5&Prime; _builder_version=\u00a0\u00bb4.20.2&Prime; global_colors_info=\u00a0\u00bb{}\u00a0\u00bb][et_pb_gallery gallery_ids=\u00a0\u00bb919,917,916,918&Prime; _builder_version=\u00a0\u00bb4.16&Prime; global_colors_info=\u00a0\u00bb{}\u00a0\u00bb][\/et_pb_gallery][\/et_pb_column][\/et_pb_row][\/et_pb_section][et_pb_section fb_built=\u00a0\u00bb1&Prime; custom_padding_last_edited=\u00a0\u00bbon|tablet\u00a0\u00bb admin_label=\u00a0\u00bbsection\u00a0\u00bb _builder_version=\u00a0\u00bb4.20.2&Prime; background_color=\u00a0\u00bbRGBA(255,255,255,0)\u00a0\u00bb custom_padding=\u00a0\u00bb10px||||false|false\u00a0\u00bb custom_padding_tablet=\u00a0\u00bb10px||||false|false\u00a0\u00bb custom_padding_phone=\u00a0\u00bb10px||||false|false\u00a0\u00bb global_colors_info=\u00a0\u00bb{}\u00a0\u00bb][et_pb_row column_structure=\u00a0\u00bb3_5,2_5&Prime; make_equal=\u00a0\u00bbon\u00a0\u00bb admin_label=\u00a0\u00bbJuliette\u00a0\u00bb module_class=\u00a0\u00bbcustom_row\u00a0\u00bb _builder_version=\u00a0\u00bb4.20.2&Prime; global_colors_info=\u00a0\u00bb{}\u00a0\u00bb][et_pb_column type=\u00a0\u00bb3_5&Prime; module_class=\u00a0\u00bbsecond-on-mobile\u00a0\u00bb _builder_version=\u00a0\u00bb4.20.2&Prime; global_colors_info=\u00a0\u00bb{}\u00a0\u00bb][et_pb_gallery gallery_ids=\u00a0\u00bb924,922,921,920&Prime; _builder_version=\u00a0\u00bb4.16&Prime; global_colors_info=\u00a0\u00bb{}\u00a0\u00bb][\/et_pb_gallery][\/et_pb_column][et_pb_column type=\u00a0\u00bb2_5&Prime; module_class=\u00a0\u00bbfirst-on-mobile\u00a0\u00bb _builder_version=\u00a0\u00bb4.20.2&Prime; custom_padding_tablet=\u00a0\u00bb||40px||false|false\u00a0\u00bb custom_padding_phone=\u00a0\u00bb||40px||false|false\u00a0\u00bb custom_padding_last_edited=\u00a0\u00bbon|phone\u00a0\u00bb global_colors_info=\u00a0\u00bb{}\u00a0\u00bb][et_pb_text admin_label=\u00a0\u00bbText\u00a0\u00bb _builder_version=\u00a0\u00bb4.20.1&Prime; _module_preset=\u00a0\u00bbdefault\u00a0\u00bb global_colors_info=\u00a0\u00bb{}\u00a0\u00bb]<\/p>\n<h2>Autres boutiques du village<\/h2>\n<p><strong>La BOUTIQUE ALMA <\/strong>est notre petite \u00e9picerie bio ador\u00e9e, qui vend des fruits et l\u00e9gumes, des pickles faits maison, des confitures, des jus de fruits, des \u0153ufs et bien d\u2019autres bonnes choses. Andr\u00e9s et Ana\u00efs sont les personnes les plus gentilles au monde. Si vous leur rendez visite, vous pourrez profiter de leur terrasse et y d\u00e9guster une tasse de caf\u00e9 accompagn\u00e9e d\u2019une part de g\u00e2teau confectionn\u00e9 par Ana\u00efs. Ana\u00efs en Andr\u00e9s vendent de d\u00e9licieux g\u00e2teaux faits avec les meilleurs ingr\u00e9dients.<\/p>\n<p><strong>NOTRE VILLAGE <\/strong> est situ\u00e9 entre vignobles et montagne. Les environs offrent une multitude de sentiers de randonn\u00e9e, de v\u00e9lo et de jogging. \u00c0 quelques minutes \u00e0 peine, se trouve le barrage des Olivettes et son lac, un immense r\u00e9servoir d\u2019eau entour\u00e9 de plages de pelouse o\u00f9 vous pourrez vous baigner. \u00c0 environ 30 minutes, vous trouverez la mer M\u00e9diterran\u00e9e, avec des dizaines de kilom\u00e8tres de plages de sable fin (d\u00e9sertes, avec bars, boutiques, rues anim\u00e9es, et oui, m\u00eame des plages nudistes si vous aimez cela).<\/p>\n<p>[\/et_pb_text][\/et_pb_column][\/et_pb_row][\/et_pb_section]<\/p>\n","protected":false},"excerpt":{"rendered":"<p>Neffi\u00e8s : un merveilleux petit village du sud de la France COMMENT POUVOUS-NOUS d\u00e9crire notre petit village fran\u00e7ais sans que cela paraisse trop romantique ou trop pittoresque, tout droit sorti du film Chocolat (le meilleur film au monde selon Yvonne) ! NEFFI\u00c8S est situ\u00e9 dans la belle r\u00e9gion du Languedoc, au sud de la France. [&hellip;]<\/p>\n","protected":false},"author":2,"featured_media":0,"parent":0,"menu_order":0,"comment_status":"closed","ping_status":"closed","template":"","meta":{"_et_pb_use_builder":"on","_et_pb_old_content":"","_et_gb_content_width":"","footnotes":""},"class_list":["post-2109","page","type-page","status-publish","hentry"],"_links":{"self":[{"href":"https:\/\/labellevue.se\/fr\/wp-json\/wp\/v2\/pages\/2109","targetHints":{"allow":["GET"]}}],"collection":[{"href":"https:\/\/labellevue.se\/fr\/wp-json\/wp\/v2\/pages"}],"about":[{"href":"https:\/\/labellevue.se\/fr\/wp-json\/wp\/v2\/types\/page"}],"author":[{"embeddable":true,"href":"https:\/\/labellevue.se\/fr\/wp-json\/wp\/v2\/users\/2"}],"replies":[{"embeddable":true,"href":"https:\/\/labellevue.se\/fr\/wp-json\/wp\/v2\/comments?post=2109"}],"version-history":[{"count":5,"href":"https:\/\/labellevue.se\/fr\/wp-json\/wp\/v2\/pages\/2109\/revisions"}],"predecessor-version":[{"id":2564,"href":"https:\/\/labellevue.se\/fr\/wp-json\/wp\/v2\/pages\/2109\/revisions\/2564"}],"wp:attachment":[{"href":"https:\/\/labellevue.se\/fr\/wp-json\/wp\/v2\/media?parent=2109"}],"curies":[{"name":"wp","href":"https:\/\/api.w.org\/{rel}","templated":true}]}}