{"id":2086,"date":"2019-02-07T09:37:38","date_gmt":"2019-02-07T08:37:38","guid":{"rendered":"https:\/\/labellevue.se\/les-chambres\/"},"modified":"2024-09-20T13:13:26","modified_gmt":"2024-09-20T11:13:26","slug":"les-chambres","status":"publish","type":"page","link":"https:\/\/labellevue.se\/fr\/les-chambres\/","title":{"rendered":"Les chambres"},"content":{"rendered":"<p>[et_pb_section fb_built=\u00a0\u00bb1&Prime; admin_label=\u00a0\u00bbsection\u00a0\u00bb _builder_version=\u00a0\u00bb4.17.3&Prime; background_image=\u00a0\u00bbhttps:\/\/labellevue.se\/wp-content\/uploads\/2022\/03\/Florence_image00003.jpg\u00a0\u00bb global_colors_info=\u00a0\u00bb{}\u00a0\u00bb][et_pb_row admin_label=\u00a0\u00bbIntroduction\u00a0\u00bb _builder_version=\u00a0\u00bb4.17.3&Prime; background_enable_image=\u00a0\u00bboff\u00a0\u00bb background_size=\u00a0\u00bbinitial\u00a0\u00bb background_position=\u00a0\u00bbtop_left\u00a0\u00bb background_repeat=\u00a0\u00bbrepeat\u00a0\u00bb global_colors_info=\u00a0\u00bb{}\u00a0\u00bb][et_pb_column type=\u00a0\u00bb4_4&Prime; _builder_version=\u00a0\u00bb4.16&Prime; custom_padding=\u00a0\u00bb|||\u00a0\u00bb global_colors_info=\u00a0\u00bb{}\u00a0\u00bb custom_padding__hover=\u00a0\u00bb|||\u00a0\u00bb][et_pb_text admin_label=\u00a0\u00bbText\u00a0\u00bb _builder_version=\u00a0\u00bb4.20.2&Prime; _module_preset=\u00a0\u00bb0817f437-23b4-4a57-9c94-46e2a08c98e7&Prime; global_colors_info=\u00a0\u00bb{}\u00a0\u00bb]<\/p>\n<h1>Chaque chambre a son propre caract\u00e8re<\/h1>\n<p>Toutes sont spacieuses et bien meubl\u00e9es, poss\u00e8dent un balcon avec des vues superbes, une salle de bains priv\u00e9e avec douche et toilettes. \u00c0 La Belle Vue, vous dormez confortablement, dans des lits de grande qualit\u00e9, dot\u00e9s d\u2019oreillers et de couettes en duvet naturel (quand le temps est plus frais), ainsi que de draps en lin brod\u00e9s \u00e0 l\u2019ancienne. Les draps sont s\u00e9ch\u00e9s au soleil, impr\u00e9gn\u00e9s de notre propre eau de lavande avant d\u2019\u00eatre appr\u00eat\u00e9s dans une repasseuse \u00e0 rouleaux. Les chambres sont meubl\u00e9es avec d\u2019anciens meubles fran\u00e7ais, du linge de lit en lin et des objets rares. Certains objets ont \u00e9t\u00e9 fabriqu\u00e9s sur commande par des artisans locaux express\u00e9ment pour nous.<\/p>\n<p>Chaque chambre dispose de produits de beaut\u00e9 de qualit\u00e9 pour les cheveux de chez Lernberger &amp; Stafsing, d\u2019un s\u00e8che-cheveux, d\u2019un peignoir de bain et de serviettes pour la douche. Vous disposez \u00e9galement d\u2019un panier de plage avec des serviettes de plage, des parasols et un joli transat de plage en rotin. Tout est pens\u00e9 pour que vous soyez \u00e0 l\u2019aise dans notre maison. Toutes nos chambres d\u2019h\u00f4tes disposent de la climatisation, avec console de r\u00e9glage de la temp\u00e9rature individuelle.<\/p>\n<p>Le Wi-Fi est accessible dans toute la maison. Nous mettons \u00e9galement \u00e0 votre disposition un petit bar fourni avec des produits locaux, une machine Nespresso et un r\u00e9frig\u00e9rateur en libre-service rempli de boissons fra\u00eeches (bi\u00e8re, vins locaux d\u2019exception) ainsi que de boissons sucr\u00e9es, glaces et autres mets \u00e0 d\u00e9guster destin\u00e9s \u00e0 nos h\u00f4tes. Il vous suffit de noter ce que vous consommez dans notre livre d\u2019or ; nous inclurons vos consommations \u00e0 votre facture \u00e0 r\u00e9gler lors de votre d\u00e9part. Vous pourrez aussi profiter de nos jeux de soci\u00e9t\u00e9 et magazines, ainsi que de notre s\u00e9lection de livres lors de vos moments de d\u00e9tente au cours de votre s\u00e9jour.<\/p>\n<p><strong>Envoyez-nous une demande de r\u00e9servation. Nous vous r\u00e9pondrons d\u00e8s que possible.<\/strong><\/p>\n<p>[\/et_pb_text][\/et_pb_column][\/et_pb_row][\/et_pb_section][et_pb_section fb_built=\u00a0\u00bb1&Prime; custom_padding_last_edited=\u00a0\u00bboff|desktop\u00a0\u00bb admin_label=\u00a0\u00bbFlorence\u00a0\u00bb _builder_version=\u00a0\u00bb4.17.3&Prime; _module_preset=\u00a0\u00bbdefault\u00a0\u00bb background_color=\u00a0\u00bbRGBA(131,0,233,0)\u00a0\u00bb custom_padding=\u00a0\u00bb||0px||false|false\u00a0\u00bb global_colors_info=\u00a0\u00bb{}\u00a0\u00bb][et_pb_row column_structure=\u00a0\u00bb2_5,3_5&Prime; make_equal=\u00a0\u00bbon\u00a0\u00bb custom_padding_last_edited=\u00a0\u00bbon|desktop\u00a0\u00bb admin_label=\u00a0\u00bbFlorence\u00a0\u00bb module_class=\u00a0\u00bbcustom_row\u00a0\u00bb _builder_version=\u00a0\u00bb4.17.3&Prime; custom_padding_tablet=\u00a0\u00bb||0px||false|false\u00a0\u00bb custom_padding_phone=\u00a0\u00bb0px||0px||false|false\u00a0\u00bb custom_css_main_element=\u00a0\u00bbalign-items: center;\u00a0\u00bb global_colors_info=\u00a0\u00bb{}\u00a0\u00bb][et_pb_column type=\u00a0\u00bb2_5&Prime; module_class=\u00a0\u00bbsecond-on-mobile\u00a0\u00bb _builder_version=\u00a0\u00bb4.17.3&Prime; custom_padding_tablet=\u00a0\u00bb6%|6%|6%|6%|true|true\u00a0\u00bb custom_padding_phone=\u00a0\u00bb6%|6%|6%|6%|true|true\u00a0\u00bb custom_padding_last_edited=\u00a0\u00bboff|desktop\u00a0\u00bb global_colors_info=\u00a0\u00bb{}\u00a0\u00bb][et_pb_text admin_label=\u00a0\u00bbText\u00a0\u00bb _builder_version=\u00a0\u00bb4.20.1&Prime; custom_padding_tablet=\u00a0\u00bb30px||||false|false\u00a0\u00bb custom_padding_phone=\u00a0\u00bb30px||||false|false\u00a0\u00bb custom_padding_last_edited=\u00a0\u00bbon|tablet\u00a0\u00bb global_colors_info=\u00a0\u00bb{}\u00a0\u00bb]<\/p>\n<h2>Florence<\/h2>\n<p>Cette chambre dispose d\u2019un grand balcon avec une vue magnifique sur la campagne environnante. Vous dormirez dans un splendide lit \u00e0 baldaquin en bois sculpt\u00e9 (160&#215;200), fait avec nos draps anciens pur lin agr\u00e9ment\u00e9 de grands oreillers en duvet naturel. Le sol, recouvert de pav\u00e9s \u00e0 motifs traditionnels, joliment us\u00e9s par la patine du temps, procure douceur et fra\u00eecheur \u00e0 vos pieds fatigu\u00e9s. La chambre est d\u00e9cor\u00e9e avec diff\u00e9rents meubles et beaux objets, comme des fauteuils pour vous relaxer, ainsi qu\u2019un mur recouvert d\u2019un papier peint r\u00e9alis\u00e9 par un designer parisien.<\/p>\n<p>La chambre dispose d\u2019une salle de bains priv\u00e9e et de toilettes.<\/p>\n<p>[\/et_pb_text][et_pb_button button_url=\u00a0\u00bb@ET-DC@eyJkeW5hbWljIjp0cnVlLCJjb250ZW50IjoicG9zdF9saW5rX3VybF9wYWdlIiwic2V0dGluZ3MiOnsicG9zdF9pZCI6IjE0MCJ9fQ==@\u00a0\u00bb button_text=\u00a0\u00bbDemander une r\u00e9servation\u00a0\u00bb admin_label=\u00a0\u00bbBokningsf\u00f6rfr\u00e5gan\u00a0\u00bb _builder_version=\u00a0\u00bb4.16&Prime; _dynamic_attributes=\u00a0\u00bbbutton_url\u00a0\u00bb global_colors_info=\u00a0\u00bb{}\u00a0\u00bb][\/et_pb_button][\/et_pb_column][et_pb_column type=\u00a0\u00bb3_5&Prime; module_class=\u00a0\u00bbfirst-on-mobile\u00a0\u00bb _builder_version=\u00a0\u00bb4.17.3&Prime; global_colors_info=\u00a0\u00bb{}\u00a0\u00bb][et_pb_gallery gallery_ids=\u00a0\u00bb1074,1072,1435,1073,1075,1076,1079,1080,1081,1082&Prime; _builder_version=\u00a0\u00bb4.20.4&Prime; global_colors_info=\u00a0\u00bb{}\u00a0\u00bb][\/et_pb_gallery][\/et_pb_column][\/et_pb_row][\/et_pb_section][et_pb_section fb_built=\u00a0\u00bb1&Prime; custom_padding_last_edited=\u00a0\u00bbon|phone\u00a0\u00bb admin_label=\u00a0\u00bbJuliette\u00a0\u00bb _builder_version=\u00a0\u00bb4.20.2&Prime; _module_preset=\u00a0\u00bbdefault\u00a0\u00bb background_color=\u00a0\u00bbRGBA(131,0,233,0)\u00a0\u00bb custom_padding=\u00a0\u00bb0px||0px||false|false\u00a0\u00bb custom_padding_tablet=\u00a0\u00bb0px||0px||false|false\u00a0\u00bb custom_padding_phone=\u00a0\u00bb0px||30px||false|false\u00a0\u00bb collapsed=\u00a0\u00bbon\u00a0\u00bb global_colors_info=\u00a0\u00bb{}\u00a0\u00bb][et_pb_row column_structure=\u00a0\u00bb3_5,2_5&Prime; make_equal=\u00a0\u00bbon\u00a0\u00bb custom_padding_last_edited=\u00a0\u00bboff|desktop\u00a0\u00bb admin_label=\u00a0\u00bbJuliette\u00a0\u00bb _builder_version=\u00a0\u00bb4.17.4&Prime; custom_css_main_element=\u00a0\u00bbalign-items: center;\u00a0\u00bb global_colors_info=\u00a0\u00bb{}\u00a0\u00bb][et_pb_column type=\u00a0\u00bb3_5&Prime; _builder_version=\u00a0\u00bb4.17.4&Prime; global_colors_info=\u00a0\u00bb{}\u00a0\u00bb][et_pb_gallery gallery_ids=\u00a0\u00bb1084,1085,1086,1087,1088,1089,1090,1091,1092,1093,1094&Prime; _builder_version=\u00a0\u00bb4.20.2&Prime; global_colors_info=\u00a0\u00bb{}\u00a0\u00bb][\/et_pb_gallery][\/et_pb_column][et_pb_column type=\u00a0\u00bb2_5&Prime; _builder_version=\u00a0\u00bb4.17.4&Prime; custom_padding_tablet=\u00a0\u00bb||||true|true\u00a0\u00bb custom_padding_phone=\u00a0\u00bb||||true|true\u00a0\u00bb custom_padding_last_edited=\u00a0\u00bboff|phone\u00a0\u00bb global_colors_info=\u00a0\u00bb{}\u00a0\u00bb][et_pb_text admin_label=\u00a0\u00bbText\u00a0\u00bb _builder_version=\u00a0\u00bb4.20.1&Prime; global_colors_info=\u00a0\u00bb{}\u00a0\u00bb]<\/p>\n<h2>Juliette<\/h2>\n<p>Cette chambre est d\u00e9cor\u00e9e avec un magnifique papier peint bleu orn\u00e9 de colombes. Dans cette chambre, vous dormirez soit dans deux lits simples en fer forg\u00e9 (80&#215;200), ou bien, si plac\u00e9s c\u00f4te \u00e0 c\u00f4te, dans un grand lit double (160&#215;200). Bien s\u00fbr, la literie est compos\u00e9e ici aussi de nos draps en lin brod\u00e9s \u00e0 la main et de grands oreillers en duvet naturel. La chambre dispose d\u2019une grande armoire magnifique ainsi que d\u2019une commode ancienne avec rev\u00eatement en marbre, \u00e0 votre disposition pour y ranger vos affaires.<\/p>\n<p>\u00c0 c\u00f4t\u00e9 se trouve la salle de bains \u00e9quip\u00e9e de fen\u00eatres, d\u2019une douche et d\u2019une commode ancienne \u00e0 rev\u00eatement en marbre, transform\u00e9e par nos soins en lavabo.<\/p>\n<p>[\/et_pb_text][et_pb_button button_url=\u00a0\u00bb@ET-DC@eyJkeW5hbWljIjp0cnVlLCJjb250ZW50IjoicG9zdF9saW5rX3VybF9wYWdlIiwic2V0dGluZ3MiOnsicG9zdF9pZCI6IjE0MCJ9fQ==@\u00a0\u00bb button_text=\u00a0\u00bbDemander une r\u00e9servation\u00a0\u00bb admin_label=\u00a0\u00bbBokningsf\u00f6rfr\u00e5gan\u00a0\u00bb _builder_version=\u00a0\u00bb4.16&Prime; _dynamic_attributes=\u00a0\u00bbbutton_url\u00a0\u00bb global_colors_info=\u00a0\u00bb{}\u00a0\u00bb][\/et_pb_button][\/et_pb_column][\/et_pb_row][\/et_pb_section][et_pb_section fb_built=\u00a0\u00bb1&Prime; custom_padding_last_edited=\u00a0\u00bboff|desktop\u00a0\u00bb admin_label=\u00a0\u00bbColette\u00a0\u00bb _builder_version=\u00a0\u00bb4.16&Prime; _module_preset=\u00a0\u00bbdefault\u00a0\u00bb background_color=\u00a0\u00bbRGBA(131,0,233,0)\u00a0\u00bb custom_padding=\u00a0\u00bb0px||0px||false|false\u00a0\u00bb custom_padding_phone=\u00a0\u00bb0px||||false|false\u00a0\u00bb collapsed=\u00a0\u00bbon\u00a0\u00bb global_colors_info=\u00a0\u00bb{}\u00a0\u00bb][et_pb_row column_structure=\u00a0\u00bb2_5,3_5&Prime; make_equal=\u00a0\u00bbon\u00a0\u00bb admin_label=\u00a0\u00bbColette\u00a0\u00bb module_class=\u00a0\u00bbcustom_row\u00a0\u00bb _builder_version=\u00a0\u00bb4.17.3&Prime; custom_padding_tablet=\u00a0\u00bb||0px||false|false\u00a0\u00bb custom_padding_phone=\u00a0\u00bb0px||0px||false|false\u00a0\u00bb custom_css_main_element=\u00a0\u00bbalign-items: center;\u00a0\u00bb global_colors_info=\u00a0\u00bb{}\u00a0\u00bb][et_pb_column type=\u00a0\u00bb2_5&Prime; module_class=\u00a0\u00bbsecond-on-mobile\u00a0\u00bb _builder_version=\u00a0\u00bb4.17.3&Prime; custom_padding_tablet=\u00a0\u00bb6%|6%|6%|6%|true|true\u00a0\u00bb custom_padding_phone=\u00a0\u00bb6%|6%|6%|6%|true|true\u00a0\u00bb custom_padding_last_edited=\u00a0\u00bboff|desktop\u00a0\u00bb global_colors_info=\u00a0\u00bb{}\u00a0\u00bb][et_pb_text admin_label=\u00a0\u00bbText\u00a0\u00bb _builder_version=\u00a0\u00bb4.20.1&Prime; custom_padding_tablet=\u00a0\u00bb30px||||false|false\u00a0\u00bb custom_padding_phone=\u00a0\u00bb30px||||false|false\u00a0\u00bb custom_padding_last_edited=\u00a0\u00bbon|tablet\u00a0\u00bb global_colors_info=\u00a0\u00bb{}\u00a0\u00bb]<\/p>\n<h2>Colette<\/h2>\n<p>Notre chambre Colette, que nous appr\u00e9cions tout particuli\u00e8rement, est peinte en rose clair. Elle dispose d\u2019un lit en fer forg\u00e9 de 140&#215;200, ainsi que de meubles datant de l\u2019\u00e9poque de la construction de la maison. Bien s\u00fbr, le lit est fait avec de beaux draps anciens en lin, et est agr\u00e9ment\u00e9 de grands oreillers en duvet naturel.<\/p>\n<p>Cette chambre, qui est la plus petite \u00e0 La Belle Vue, dispose \u00e9galement d\u2019un grand balcon avec vue sur la vall\u00e9e et vue sur le village du c\u00f4t\u00e9 du lit. La salle de bains attenante, fra\u00eechement r\u00e9nov\u00e9e, dispose de son propre balcon \u00e9galement. En plus d\u2019une vue magnifique, cette chambre est \u00e9quip\u00e9e de toilettes \u00e0 chasse haute \u00e0 l\u2019ancienne, d\u2019un lavabo et d\u2019une tr\u00e8s belle douche.<\/p>\n<p>[\/et_pb_text][et_pb_button button_url=\u00a0\u00bb@ET-DC@eyJkeW5hbWljIjp0cnVlLCJjb250ZW50IjoicG9zdF9saW5rX3VybF9wYWdlIiwic2V0dGluZ3MiOnsicG9zdF9pZCI6IjE0MCJ9fQ==@\u00a0\u00bb button_text=\u00a0\u00bbDemander une r\u00e9servation\u00a0\u00bb admin_label=\u00a0\u00bbBokningsf\u00f6rfr\u00e5gan\u00a0\u00bb _builder_version=\u00a0\u00bb4.16&Prime; _dynamic_attributes=\u00a0\u00bbbutton_url\u00a0\u00bb global_colors_info=\u00a0\u00bb{}\u00a0\u00bb][\/et_pb_button][\/et_pb_column][et_pb_column type=\u00a0\u00bb3_5&Prime; module_class=\u00a0\u00bbfirst-on-mobile\u00a0\u00bb _builder_version=\u00a0\u00bb4.16&Prime; global_colors_info=\u00a0\u00bb{}\u00a0\u00bb][et_pb_gallery gallery_ids=\u00a0\u00bb1095,1096,1097,1098,1099,1100,1101,1102,1103,1104,1105,1106,1107,1108&Prime; _builder_version=\u00a0\u00bb4.20.2&Prime; global_colors_info=\u00a0\u00bb{}\u00a0\u00bb][\/et_pb_gallery][\/et_pb_column][\/et_pb_row][\/et_pb_section][et_pb_section fb_built=\u00a0\u00bb1&Prime; custom_padding_last_edited=\u00a0\u00bboff|desktop\u00a0\u00bb admin_label=\u00a0\u00bbClothilde\u00a0\u00bb _builder_version=\u00a0\u00bb4.17.3&Prime; _module_preset=\u00a0\u00bbdefault\u00a0\u00bb background_color=\u00a0\u00bbRGBA(131,0,233,0)\u00a0\u00bb custom_padding=\u00a0\u00bb0px||0px||false|false\u00a0\u00bb custom_padding_phone=\u00a0\u00bb0px||||false|false\u00a0\u00bb collapsed=\u00a0\u00bbon\u00a0\u00bb global_colors_info=\u00a0\u00bb{}\u00a0\u00bb custom_padding__hover_enabled=\u00a0\u00bboff|desktop\u00a0\u00bb][et_pb_row column_structure=\u00a0\u00bb3_5,2_5&Prime; make_equal=\u00a0\u00bbon\u00a0\u00bb custom_padding_last_edited=\u00a0\u00bboff|desktop\u00a0\u00bb admin_label=\u00a0\u00bbClothilde\u00a0\u00bb _builder_version=\u00a0\u00bb4.17.3&Prime; custom_css_main_element=\u00a0\u00bbalign-items: center;\u00a0\u00bb global_colors_info=\u00a0\u00bb{}\u00a0\u00bb][et_pb_column type=\u00a0\u00bb3_5&Prime; _builder_version=\u00a0\u00bb4.16&Prime; global_colors_info=\u00a0\u00bb{}\u00a0\u00bb][et_pb_gallery gallery_ids=\u00a0\u00bb1110,1109,1111,1112,1113,1118,1114,1115,1116,1117,1119,1120,1121&Prime; _builder_version=\u00a0\u00bb4.20.2&Prime; global_colors_info=\u00a0\u00bb{}\u00a0\u00bb][\/et_pb_gallery][\/et_pb_column][et_pb_column type=\u00a0\u00bb2_5&Prime; _builder_version=\u00a0\u00bb4.17.3&Prime; custom_padding_tablet=\u00a0\u00bb6%|6%|6%|6%|true|true\u00a0\u00bb custom_padding_phone=\u00a0\u00bb6%|6%|6%|6%|true|true\u00a0\u00bb custom_padding_last_edited=\u00a0\u00bboff|desktop\u00a0\u00bb global_colors_info=\u00a0\u00bb{}\u00a0\u00bb][et_pb_text admin_label=\u00a0\u00bbText\u00a0\u00bb _builder_version=\u00a0\u00bb4.20.1&Prime; global_colors_info=\u00a0\u00bb{}\u00a0\u00bb]<\/p>\n<h2>Clothilde<\/h2>\n<p>Depuis le balcon, vous profiterez d\u2019une vue magnifique surplombant toute la vall\u00e9e. Dans cette chambre, vous dormirez comme un charme sous le petit baldaquin d\u2019un vieux lit de style Louis XIV (160&#215;200). Le lit est bien entendu fait avec nos draps anciens en lin brod\u00e9, agr\u00e9ment\u00e9 de grands oreillers en duvet naturel.<\/p>\n<p>La chambre est d\u00e9cor\u00e9e dans un cama\u00efeu de teintes naturelles tr\u00e8s claires, agr\u00e9ment\u00e9e d\u2019un magnifique papier peint sur l\u2019un des murs. Les meubles sont de style Napol\u00e9on III (Second Empire). Il y a une chemin\u00e9e en marbre dans la chambre, et des rideaux en mousseline brod\u00e9e ornent les fen\u00eatres.<\/p>\n<p>La chambre comprend une salle de bains \u00e9quip\u00e9e d\u2019une belle commode ancienne avec rev\u00eatement en marbre, transform\u00e9e en lavabo, ainsi que d\u2019une douche spacieuse.<\/p>\n<p>[\/et_pb_text][et_pb_button button_url=\u00a0\u00bb@ET-DC@eyJkeW5hbWljIjp0cnVlLCJjb250ZW50IjoicG9zdF9saW5rX3VybF9wYWdlIiwic2V0dGluZ3MiOnsicG9zdF9pZCI6IjE0MCJ9fQ==@\u00a0\u00bb button_text=\u00a0\u00bbDemander une r\u00e9servation\u00a0\u00bb admin_label=\u00a0\u00bbBokningsf\u00f6rfr\u00e5gan\u00a0\u00bb _builder_version=\u00a0\u00bb4.16&Prime; _dynamic_attributes=\u00a0\u00bbbutton_url\u00a0\u00bb global_colors_info=\u00a0\u00bb{}\u00a0\u00bb][\/et_pb_button][\/et_pb_column][\/et_pb_row][\/et_pb_section][et_pb_section fb_built=\u00a0\u00bb1&Prime; custom_padding_last_edited=\u00a0\u00bboff|desktop\u00a0\u00bb admin_label=\u00a0\u00bbBlanche\u00a0\u00bb _builder_version=\u00a0\u00bb4.16&Prime; _module_preset=\u00a0\u00bbdefault\u00a0\u00bb background_color=\u00a0\u00bbRGBA(131,0,233,0)\u00a0\u00bb custom_padding=\u00a0\u00bb0px||0px||false|false\u00a0\u00bb custom_padding_tablet=\u00a0\u00bb0px||0px||false|false\u00a0\u00bb custom_padding_phone=\u00a0\u00bb0px||||false|false\u00a0\u00bb collapsed=\u00a0\u00bbon\u00a0\u00bb global_colors_info=\u00a0\u00bb{}\u00a0\u00bb][et_pb_row column_structure=\u00a0\u00bb2_5,3_5&Prime; make_equal=\u00a0\u00bbon\u00a0\u00bb custom_padding_last_edited=\u00a0\u00bboff|desktop\u00a0\u00bb admin_label=\u00a0\u00bbBlanche\u00a0\u00bb module_class=\u00a0\u00bbcustom_row\u00a0\u00bb _builder_version=\u00a0\u00bb4.17.3&Prime; custom_margin=\u00a0\u00bb||30px||false|false\u00a0\u00bb custom_css_main_element=\u00a0\u00bbalign-items: center;\u00a0\u00bb global_colors_info=\u00a0\u00bb{}\u00a0\u00bb][et_pb_column type=\u00a0\u00bb2_5&Prime; module_class=\u00a0\u00bbsecond-on-mobile\u00a0\u00bb _builder_version=\u00a0\u00bb4.17.3&Prime; custom_padding_tablet=\u00a0\u00bb6%|6%|6%|6%|true|true\u00a0\u00bb custom_padding_phone=\u00a0\u00bb6%|6%|6%|6%|true|true\u00a0\u00bb custom_padding_last_edited=\u00a0\u00bboff|desktop\u00a0\u00bb global_colors_info=\u00a0\u00bb{}\u00a0\u00bb][et_pb_text admin_label=\u00a0\u00bbText\u00a0\u00bb _builder_version=\u00a0\u00bb4.20.1&Prime; custom_padding_tablet=\u00a0\u00bb30px||||false|false\u00a0\u00bb custom_padding_phone=\u00a0\u00bb30px||||false|false\u00a0\u00bb custom_padding_last_edited=\u00a0\u00bbon|tablet\u00a0\u00bb global_colors_info=\u00a0\u00bb{}\u00a0\u00bb]<\/p>\n<h2>Blanche<\/h2>\n<p>Depuis le balcon de cette chambre, vous aurez une vue magnifique sur la vall\u00e9e et les vignobles alentours.<\/p>\n<p>Dans cette chambre, vous dormirez dans un grand lit de 160&#215;200. Le lit est bien entendu fait avec nos draps anciens en lin et agr\u00e9ment\u00e9 de grand oreillers en duvet naturel. La chambre est par ailleurs meubl\u00e9e avec des fauteuils et une commode anciens. De beaux miroirs ainsi que d\u2019autres objets d\u2019exception ornent la chambre.<\/p>\n<p>La chambre est d\u00e9cor\u00e9e dans un cama\u00efeu de couleurs naturelles qui forment un joli contraste avec les pav\u00e9s du sol couleur brique, joliment us\u00e9s par la patine du temps. La vieille chemin\u00e9e, les grandes fen\u00eatres, les portes en miroir et le plafond en stuc sont rest\u00e9s intacts depuis la construction de la maison, ce qui donne \u00e0 cette chambre un caract\u00e8re unique. Le petit plus de cette chambre : une fresque murale peinte \u00e0 la main.<\/p>\n<p>La chambre comprend \u00e9galement une belle salle de bains priv\u00e9e fra\u00eechement r\u00e9nov\u00e9e, \u00e9quip\u00e9e d\u2019une douche et de toilettes.<\/p>\n<p>[\/et_pb_text][et_pb_button button_url=\u00a0\u00bb@ET-DC@eyJkeW5hbWljIjp0cnVlLCJjb250ZW50IjoicG9zdF9saW5rX3VybF9wYWdlIiwic2V0dGluZ3MiOnsicG9zdF9pZCI6IjE0MCJ9fQ==@\u00a0\u00bb button_text=\u00a0\u00bbDemander une r\u00e9servation\u00a0\u00bb admin_label=\u00a0\u00bbBokningsf\u00f6rfr\u00e5gan\u00a0\u00bb _builder_version=\u00a0\u00bb4.16&Prime; _dynamic_attributes=\u00a0\u00bbbutton_url\u00a0\u00bb global_colors_info=\u00a0\u00bb{}\u00a0\u00bb][\/et_pb_button][\/et_pb_column][et_pb_column type=\u00a0\u00bb3_5&Prime; module_class=\u00a0\u00bbfirst-on-mobile\u00a0\u00bb _builder_version=\u00a0\u00bb4.16&Prime; global_colors_info=\u00a0\u00bb{}\u00a0\u00bb][et_pb_gallery gallery_ids=\u00a0\u00bb1130,1122,1124,1125,1127,1128,1129,1131,1132,1133&Prime; _builder_version=\u00a0\u00bb4.20.4&Prime; global_colors_info=\u00a0\u00bb{}\u00a0\u00bb][\/et_pb_gallery][\/et_pb_column][\/et_pb_row][\/et_pb_section]<\/p>\n","protected":false},"excerpt":{"rendered":"<p>Chaque chambre a son propre caract\u00e8re Toutes sont spacieuses et bien meubl\u00e9es, poss\u00e8dent un balcon avec des vues superbes, une salle de bains priv\u00e9e avec douche et toilettes. \u00c0 La Belle Vue, vous dormez confortablement, dans des lits de grande qualit\u00e9, dot\u00e9s d\u2019oreillers et de couettes en duvet naturel (quand le temps est plus frais), [&hellip;]<\/p>\n","protected":false},"author":2,"featured_media":0,"parent":0,"menu_order":0,"comment_status":"closed","ping_status":"closed","template":"","meta":{"_et_pb_use_builder":"on","_et_pb_old_content":"","_et_gb_content_width":"","footnotes":""},"class_list":["post-2086","page","type-page","status-publish","hentry"],"_links":{"self":[{"href":"https:\/\/labellevue.se\/fr\/wp-json\/wp\/v2\/pages\/2086","targetHints":{"allow":["GET"]}}],"collection":[{"href":"https:\/\/labellevue.se\/fr\/wp-json\/wp\/v2\/pages"}],"about":[{"href":"https:\/\/labellevue.se\/fr\/wp-json\/wp\/v2\/types\/page"}],"author":[{"embeddable":true,"href":"https:\/\/labellevue.se\/fr\/wp-json\/wp\/v2\/users\/2"}],"replies":[{"embeddable":true,"href":"https:\/\/labellevue.se\/fr\/wp-json\/wp\/v2\/comments?post=2086"}],"version-history":[{"count":5,"href":"https:\/\/labellevue.se\/fr\/wp-json\/wp\/v2\/pages\/2086\/revisions"}],"predecessor-version":[{"id":2568,"href":"https:\/\/labellevue.se\/fr\/wp-json\/wp\/v2\/pages\/2086\/revisions\/2568"}],"wp:attachment":[{"href":"https:\/\/labellevue.se\/fr\/wp-json\/wp\/v2\/media?parent=2086"}],"curies":[{"name":"wp","href":"https:\/\/api.w.org\/{rel}","templated":true}]}}